{"id":448,"date":"2019-04-05T15:33:08","date_gmt":"2019-04-05T13:33:08","guid":{"rendered":"https:\/\/www.fusiontables.com\/collezione-woodline\/"},"modified":"2024-11-08T15:11:47","modified_gmt":"2024-11-08T14:11:47","slug":"collezione-woodline","status":"publish","type":"page","link":"https:\/\/www.fusiontables.com\/it\/collezione-woodline\/","title":{"rendered":"Collezione Woodline"},"content":{"rendered":"<p>Riconciliare naturalezza e design: una scommessa folle? Il tavolo Fusion, dalla forma pulita e minimalista ma realizzato con materiali naturali, risponde al 100% a questa sfida. Il suo carattere autentico e senza tempo porta in casa vostra l\u2019unicit\u00e0 del marchio Fusiontables. Per chi ama la natura e i materiali pregiati, la collezione Woodline in noce o rovere si adatter\u00e0 perfettamente al tuo ambiente abbinando questo tavolo da biliardo di design alle moderne sedute della stessa collezione.<\/p>\n<p>\nIl tavolo Fusiontables offre anche un <strong><a href=\"https:\/\/www.fusiontables.com\/it\/tavolo-da-biliardo-transformabile-di-qualita\/#el\">rivoluzionario sistema Easy Lift<\/a><\/strong> per passare dall&#8217;altezza convenzionale di un tavolo da pranzo tradizionale (75cm) all&#8217;altezza ideale per giocare a biliardo (82,5 cm)<\/p>\n<p><img fetchpriority=\"high\" decoding=\"async\" class=\" size-full wp-image-414\" alt=\"wood\" data-align=\"center\" data-entity-type=\"file\" data-entity-uuid=\"bdbe2eac-f3a9-465c-be9b-c53498bb27bb\" src=\"https:\/\/www.fusiontables.com\/wp-content\/uploads\/2019\/04\/wood2021-e77.png\" width=\"1200\" height=\"729\" srcset=\"https:\/\/www.fusiontables.com\/wp-content\/uploads\/2019\/04\/wood2021-e77.png 1200w, https:\/\/www.fusiontables.com\/wp-content\/uploads\/2019\/04\/wood2021-e77-300x182.png 300w, https:\/\/www.fusiontables.com\/wp-content\/uploads\/2019\/04\/wood2021-e77-1024x622.png 1024w, https:\/\/www.fusiontables.com\/wp-content\/uploads\/2019\/04\/wood2021-e77-768x467.png 768w\" sizes=\"(max-width: 1200px) 100vw, 1200px\" \/><\/p>\n<p>I nostri tavoli sono dotati dei migliori componenti dei biliardo professionsali con tessuti per superfici da <strong><a href=\"https:\/\/www.fusiontables.com\/it\/tavolo-da-biliardo-transformabile-di-qualita\/#ds\">competizione Iwan Simonis<\/a><\/strong> (disponibile in 25 colori diversi) e &nbsp;sponde elastiche in caucciu\u2019naturale per una lunga durata di vita.<br \/>\nPer riporre tutto il kit gioco del biliardo, nel minimo spessore del tavolo Fusion, \u00e8 stata ideata una soluzione innovativa nelle buche del tavolo biliardo. La tecnologia tessile Stretch Nylon permette alla tasca posta sotto, di allungarsi quando le palle cadono al suo interno ma soprattutto di tornare alla sua forma originale subito dopo la partita a biliardo<\/p>\n<p>\nIl modello Woodline &nbsp;\u00e8 disponibile in <strong><a href=\"https:\/\/www.fusiontables.com\/it\/finiture-in-legno\/\">4 essenze di legno<\/a><\/strong> e si lascer\u00e0 guidare dallo spirito del luogo ma anche dal carattere dei suoi abitanti. Catturare il &#8216;vero&#8217;, domare il naturale, giocare con il legno, \u00e8 ci\u00f2 che ha dato vita alla collezione Woodline. Scegliere il tavolo Woodline significa optare per la convivialit\u00e0 e &#8220;vivere insieme&#8221; in uno spazio naturale e zen.<\/p>\n<p>&nbsp;<\/p>\n<p><img decoding=\"async\" class=\" size-full wp-image-420\" alt=\"dim wood\" data-align=\"center\" data-entity-type=\"file\" data-entity-uuid=\"a9c8bc37-7130-4511-95ad-bbf860d71cdd\" src=\"https:\/\/www.fusiontables.com\/wp-content\/uploads\/2019\/04\/dim-wood_0-0cd.png\" width=\"1445\" height=\"388\" srcset=\"https:\/\/www.fusiontables.com\/wp-content\/uploads\/2019\/04\/dim-wood_0-0cd.png 1445w, https:\/\/www.fusiontables.com\/wp-content\/uploads\/2019\/04\/dim-wood_0-0cd-300x81.png 300w, https:\/\/www.fusiontables.com\/wp-content\/uploads\/2019\/04\/dim-wood_0-0cd-1024x275.png 1024w, https:\/\/www.fusiontables.com\/wp-content\/uploads\/2019\/04\/dim-wood_0-0cd-768x206.png 768w\" sizes=\"(max-width: 1445px) 100vw, 1445px\" \/><\/p>\n","protected":false},"excerpt":{"rendered":"<p>Riconciliare naturalezza e design: una scommessa folle? Il tavolo Fusion, dalla forma pulita e minimalista ma realizzato con materiali naturali, risponde al 100% a questa sfida. Il suo carattere autentico e senza tempo porta in casa vostra l\u2019unicit\u00e0 del marchio Fusiontables. Per chi ama la natura e i materiali pregiati, la collezione Woodline in noce [&hellip;]<\/p>\n","protected":false},"author":1,"featured_media":414,"parent":0,"menu_order":0,"comment_status":"closed","ping_status":"closed","template":"","meta":{"_acf_changed":false,"footnotes":""},"class_list":["post-448","page","type-page","status-publish","has-post-thumbnail","hentry"],"acf":[],"yoast_head":"<!-- This site is optimized with the Yoast SEO plugin v27.4 - https:\/\/yoast.com\/product\/yoast-seo-wordpress\/ -->\n<title>Collezione Woodline - Fusion Tables<\/title>\n<meta name=\"robots\" content=\"index, follow, max-snippet:-1, max-image-preview:large, max-video-preview:-1\" \/>\n<link rel=\"canonical\" href=\"https:\/\/www.fusiontables.com\/it\/collezione-woodline\/\" \/>\n<meta property=\"og:locale\" content=\"it_IT\" \/>\n<meta property=\"og:type\" content=\"article\" \/>\n<meta property=\"og:title\" content=\"Collezione Woodline - Fusion Tables\" \/>\n<meta property=\"og:description\" content=\"Riconciliare naturalezza e design: una scommessa folle? Il tavolo Fusion, dalla forma pulita e minimalista ma realizzato con materiali naturali, risponde al 100% a questa sfida. Il suo carattere autentico e senza tempo porta in casa vostra l\u2019unicit\u00e0 del marchio Fusiontables. Per chi ama la natura e i materiali pregiati, la collezione Woodline in noce [&hellip;]\" \/>\n<meta property=\"og:url\" content=\"https:\/\/www.fusiontables.com\/it\/collezione-woodline\/\" \/>\n<meta property=\"og:site_name\" content=\"Fusion Tables\" \/>\n<meta property=\"article:modified_time\" content=\"2024-11-08T14:11:47+00:00\" \/>\n<meta property=\"og:image\" content=\"https:\/\/www.fusiontables.com\/wp-content\/uploads\/2019\/04\/wood2021-e77.png\" \/>\n\t<meta property=\"og:image:width\" content=\"1200\" \/>\n\t<meta property=\"og:image:height\" content=\"729\" \/>\n\t<meta property=\"og:image:type\" content=\"image\/png\" \/>\n<meta name=\"twitter:card\" content=\"summary_large_image\" \/>\n<meta name=\"twitter:label1\" content=\"Tempo di lettura stimato\" \/>\n\t<meta name=\"twitter:data1\" content=\"1 minuto\" \/>\n<script type=\"application\/ld+json\" class=\"yoast-schema-graph\">{\"@context\":\"https:\\\/\\\/schema.org\",\"@graph\":[{\"@type\":\"WebPage\",\"@id\":\"https:\\\/\\\/www.fusiontables.com\\\/it\\\/collezione-woodline\\\/\",\"url\":\"https:\\\/\\\/www.fusiontables.com\\\/it\\\/collezione-woodline\\\/\",\"name\":\"Collezione Woodline - Fusion Tables\",\"isPartOf\":{\"@id\":\"https:\\\/\\\/www.fusiontables.com\\\/it\\\/#website\"},\"primaryImageOfPage\":{\"@id\":\"https:\\\/\\\/www.fusiontables.com\\\/it\\\/collezione-woodline\\\/#primaryimage\"},\"image\":{\"@id\":\"https:\\\/\\\/www.fusiontables.com\\\/it\\\/collezione-woodline\\\/#primaryimage\"},\"thumbnailUrl\":\"https:\\\/\\\/www.fusiontables.com\\\/wp-content\\\/uploads\\\/2019\\\/04\\\/wood2021-e77.png\",\"datePublished\":\"2019-04-05T13:33:08+00:00\",\"dateModified\":\"2024-11-08T14:11:47+00:00\",\"breadcrumb\":{\"@id\":\"https:\\\/\\\/www.fusiontables.com\\\/it\\\/collezione-woodline\\\/#breadcrumb\"},\"inLanguage\":\"it-IT\",\"potentialAction\":[{\"@type\":\"ReadAction\",\"target\":[\"https:\\\/\\\/www.fusiontables.com\\\/it\\\/collezione-woodline\\\/\"]}]},{\"@type\":\"ImageObject\",\"inLanguage\":\"it-IT\",\"@id\":\"https:\\\/\\\/www.fusiontables.com\\\/it\\\/collezione-woodline\\\/#primaryimage\",\"url\":\"https:\\\/\\\/www.fusiontables.com\\\/wp-content\\\/uploads\\\/2019\\\/04\\\/wood2021-e77.png\",\"contentUrl\":\"https:\\\/\\\/www.fusiontables.com\\\/wp-content\\\/uploads\\\/2019\\\/04\\\/wood2021-e77.png\",\"width\":1200,\"height\":729,\"caption\":\"wood\"},{\"@type\":\"BreadcrumbList\",\"@id\":\"https:\\\/\\\/www.fusiontables.com\\\/it\\\/collezione-woodline\\\/#breadcrumb\",\"itemListElement\":[{\"@type\":\"ListItem\",\"position\":1,\"name\":\"Home\",\"item\":\"https:\\\/\\\/www.fusiontables.com\\\/it\\\/\"},{\"@type\":\"ListItem\",\"position\":2,\"name\":\"Collezione Woodline\"}]},{\"@type\":\"WebSite\",\"@id\":\"https:\\\/\\\/www.fusiontables.com\\\/it\\\/#website\",\"url\":\"https:\\\/\\\/www.fusiontables.com\\\/it\\\/\",\"name\":\"Fusion Tables\",\"description\":\"\",\"publisher\":{\"@id\":\"https:\\\/\\\/www.fusiontables.com\\\/it\\\/#organization\"},\"potentialAction\":[{\"@type\":\"SearchAction\",\"target\":{\"@type\":\"EntryPoint\",\"urlTemplate\":\"https:\\\/\\\/www.fusiontables.com\\\/it\\\/?s={search_term_string}\"},\"query-input\":{\"@type\":\"PropertyValueSpecification\",\"valueRequired\":true,\"valueName\":\"search_term_string\"}}],\"inLanguage\":\"it-IT\"},{\"@type\":\"Organization\",\"@id\":\"https:\\\/\\\/www.fusiontables.com\\\/it\\\/#organization\",\"name\":\"Fusion Tables\",\"url\":\"https:\\\/\\\/www.fusiontables.com\\\/it\\\/\",\"logo\":{\"@type\":\"ImageObject\",\"inLanguage\":\"it-IT\",\"@id\":\"https:\\\/\\\/www.fusiontables.com\\\/it\\\/#\\\/schema\\\/logo\\\/image\\\/\",\"url\":\"https:\\\/\\\/www.fusiontables.com\\\/wp-content\\\/uploads\\\/2024\\\/11\\\/Fusiontables-Logo.png\",\"contentUrl\":\"https:\\\/\\\/www.fusiontables.com\\\/wp-content\\\/uploads\\\/2024\\\/11\\\/Fusiontables-Logo.png\",\"width\":514,\"height\":119,\"caption\":\"Fusion Tables\"},\"image\":{\"@id\":\"https:\\\/\\\/www.fusiontables.com\\\/it\\\/#\\\/schema\\\/logo\\\/image\\\/\"}}]}<\/script>\n<!-- \/ Yoast SEO plugin. -->","yoast_head_json":{"title":"Collezione Woodline - Fusion Tables","robots":{"index":"index","follow":"follow","max-snippet":"max-snippet:-1","max-image-preview":"max-image-preview:large","max-video-preview":"max-video-preview:-1"},"canonical":"https:\/\/www.fusiontables.com\/it\/collezione-woodline\/","og_locale":"it_IT","og_type":"article","og_title":"Collezione Woodline - Fusion Tables","og_description":"Riconciliare naturalezza e design: una scommessa folle? Il tavolo Fusion, dalla forma pulita e minimalista ma realizzato con materiali naturali, risponde al 100% a questa sfida. Il suo carattere autentico e senza tempo porta in casa vostra l\u2019unicit\u00e0 del marchio Fusiontables. Per chi ama la natura e i materiali pregiati, la collezione Woodline in noce [&hellip;]","og_url":"https:\/\/www.fusiontables.com\/it\/collezione-woodline\/","og_site_name":"Fusion Tables","article_modified_time":"2024-11-08T14:11:47+00:00","og_image":[{"width":1200,"height":729,"url":"https:\/\/www.fusiontables.com\/wp-content\/uploads\/2019\/04\/wood2021-e77.png","type":"image\/png"}],"twitter_card":"summary_large_image","twitter_misc":{"Tempo di lettura stimato":"1 minuto"},"schema":{"@context":"https:\/\/schema.org","@graph":[{"@type":"WebPage","@id":"https:\/\/www.fusiontables.com\/it\/collezione-woodline\/","url":"https:\/\/www.fusiontables.com\/it\/collezione-woodline\/","name":"Collezione Woodline - Fusion Tables","isPartOf":{"@id":"https:\/\/www.fusiontables.com\/it\/#website"},"primaryImageOfPage":{"@id":"https:\/\/www.fusiontables.com\/it\/collezione-woodline\/#primaryimage"},"image":{"@id":"https:\/\/www.fusiontables.com\/it\/collezione-woodline\/#primaryimage"},"thumbnailUrl":"https:\/\/www.fusiontables.com\/wp-content\/uploads\/2019\/04\/wood2021-e77.png","datePublished":"2019-04-05T13:33:08+00:00","dateModified":"2024-11-08T14:11:47+00:00","breadcrumb":{"@id":"https:\/\/www.fusiontables.com\/it\/collezione-woodline\/#breadcrumb"},"inLanguage":"it-IT","potentialAction":[{"@type":"ReadAction","target":["https:\/\/www.fusiontables.com\/it\/collezione-woodline\/"]}]},{"@type":"ImageObject","inLanguage":"it-IT","@id":"https:\/\/www.fusiontables.com\/it\/collezione-woodline\/#primaryimage","url":"https:\/\/www.fusiontables.com\/wp-content\/uploads\/2019\/04\/wood2021-e77.png","contentUrl":"https:\/\/www.fusiontables.com\/wp-content\/uploads\/2019\/04\/wood2021-e77.png","width":1200,"height":729,"caption":"wood"},{"@type":"BreadcrumbList","@id":"https:\/\/www.fusiontables.com\/it\/collezione-woodline\/#breadcrumb","itemListElement":[{"@type":"ListItem","position":1,"name":"Home","item":"https:\/\/www.fusiontables.com\/it\/"},{"@type":"ListItem","position":2,"name":"Collezione Woodline"}]},{"@type":"WebSite","@id":"https:\/\/www.fusiontables.com\/it\/#website","url":"https:\/\/www.fusiontables.com\/it\/","name":"Fusion Tables","description":"","publisher":{"@id":"https:\/\/www.fusiontables.com\/it\/#organization"},"potentialAction":[{"@type":"SearchAction","target":{"@type":"EntryPoint","urlTemplate":"https:\/\/www.fusiontables.com\/it\/?s={search_term_string}"},"query-input":{"@type":"PropertyValueSpecification","valueRequired":true,"valueName":"search_term_string"}}],"inLanguage":"it-IT"},{"@type":"Organization","@id":"https:\/\/www.fusiontables.com\/it\/#organization","name":"Fusion Tables","url":"https:\/\/www.fusiontables.com\/it\/","logo":{"@type":"ImageObject","inLanguage":"it-IT","@id":"https:\/\/www.fusiontables.com\/it\/#\/schema\/logo\/image\/","url":"https:\/\/www.fusiontables.com\/wp-content\/uploads\/2024\/11\/Fusiontables-Logo.png","contentUrl":"https:\/\/www.fusiontables.com\/wp-content\/uploads\/2024\/11\/Fusiontables-Logo.png","width":514,"height":119,"caption":"Fusion Tables"},"image":{"@id":"https:\/\/www.fusiontables.com\/it\/#\/schema\/logo\/image\/"}}]}},"_links":{"self":[{"href":"https:\/\/www.fusiontables.com\/it\/wp-json\/wp\/v2\/pages\/448","targetHints":{"allow":["GET"]}}],"collection":[{"href":"https:\/\/www.fusiontables.com\/it\/wp-json\/wp\/v2\/pages"}],"about":[{"href":"https:\/\/www.fusiontables.com\/it\/wp-json\/wp\/v2\/types\/page"}],"author":[{"embeddable":true,"href":"https:\/\/www.fusiontables.com\/it\/wp-json\/wp\/v2\/users\/1"}],"replies":[{"embeddable":true,"href":"https:\/\/www.fusiontables.com\/it\/wp-json\/wp\/v2\/comments?post=448"}],"version-history":[{"count":1,"href":"https:\/\/www.fusiontables.com\/it\/wp-json\/wp\/v2\/pages\/448\/revisions"}],"predecessor-version":[{"id":1617,"href":"https:\/\/www.fusiontables.com\/it\/wp-json\/wp\/v2\/pages\/448\/revisions\/1617"}],"wp:featuredmedia":[{"embeddable":true,"href":"https:\/\/www.fusiontables.com\/it\/wp-json\/wp\/v2\/media\/414"}],"wp:attachment":[{"href":"https:\/\/www.fusiontables.com\/it\/wp-json\/wp\/v2\/media?parent=448"}],"curies":[{"name":"wp","href":"https:\/\/api.w.org\/{rel}","templated":true}]}}