{"id":562,"date":"2019-04-08T11:55:05","date_gmt":"2019-04-08T09:55:05","guid":{"rendered":"https:\/\/www.fusiontables.com\/finiture-laccate\/"},"modified":"2025-02-21T11:36:48","modified_gmt":"2025-02-21T10:36:48","slug":"finiture-laccate","status":"publish","type":"page","link":"https:\/\/www.fusiontables.com\/it\/finiture-laccate\/","title":{"rendered":"Finiture Laccate"},"content":{"rendered":"<p>Per decorare i profili del nostro <a href=\"https:\/\/www.fusiontables.com\/it\/tavoli-da-biliardo-convertibili\/\"><strong>moderno tavolo da biliardo trasformabile <\/strong><\/a>e per rifinire le cornici del nostro tavolo o le facciate dei nostri moderni contromobili, Fusiontables ha optato per finiture moderne, facili da mantenere e morbide al tatto.<\/p>\n<p>Una delle tante possibilit\u00e0 \u00e8 di optare per una finitura in legno laccato e verniciato. L&#8217;ultimo degli strati protettivi \u00e8 quindi una vernice di fascia alta, destinata all&#8217;uso in presenza di cibo e che resister\u00e0 all&#8217;uso intenso della vita quotidiana. Questa finitura \u00e8 disponibile in <strong><a href=\"https:\/\/www.fusiontables.com\/it\/bianco-opaco\/\">bianco opaco<\/a><\/strong> e <strong><a href=\"https:\/\/www.fusiontables.com\/it\/nero-opaco\/\">nero opaco<\/a><\/strong><\/p>\n<p><img fetchpriority=\"high\" decoding=\"async\" src=\"https:\/\/www.fusiontables.com\/wp-content\/uploads\/2025\/02\/lacquer2025.jpg\" alt=\"\" width=\"1000\" height=\"664\" \/><\/p>\n<p><iframe style=\"width: 100%; height: 810px;\" src=\"https:\/\/www.archiproducts.com\/3d-viewer?productid=48971&amp;showattributes=true\"><\/iframe><\/p>\n","protected":false},"excerpt":{"rendered":"<p>Per decorare i profili del nostro moderno tavolo da biliardo trasformabile e per rifinire le cornici del nostro tavolo o le facciate dei nostri moderni contromobili, Fusiontables ha optato per finiture moderne, facili da mantenere e morbide al tatto. Una delle tante possibilit\u00e0 \u00e8 di optare per una finitura in legno laccato e verniciato. L&#8217;ultimo [&hellip;]<\/p>\n","protected":false},"author":2,"featured_media":0,"parent":0,"menu_order":0,"comment_status":"closed","ping_status":"closed","template":"","meta":{"_acf_changed":false,"footnotes":""},"class_list":["post-562","page","type-page","status-publish","hentry"],"acf":[],"yoast_head":"<!-- This site is optimized with the Yoast SEO plugin v27.4 - https:\/\/yoast.com\/product\/yoast-seo-wordpress\/ -->\n<title>Finiture Laccate - Fusion Tables<\/title>\n<meta name=\"robots\" content=\"index, follow, max-snippet:-1, max-image-preview:large, max-video-preview:-1\" \/>\n<link rel=\"canonical\" href=\"https:\/\/www.fusiontables.com\/it\/finiture-laccate\/\" \/>\n<meta property=\"og:locale\" content=\"it_IT\" \/>\n<meta property=\"og:type\" content=\"article\" \/>\n<meta property=\"og:title\" content=\"Finiture Laccate - Fusion Tables\" \/>\n<meta property=\"og:description\" content=\"Per decorare i profili del nostro moderno tavolo da biliardo trasformabile e per rifinire le cornici del nostro tavolo o le facciate dei nostri moderni contromobili, Fusiontables ha optato per finiture moderne, facili da mantenere e morbide al tatto. Una delle tante possibilit\u00e0 \u00e8 di optare per una finitura in legno laccato e verniciato. L&#8217;ultimo [&hellip;]\" \/>\n<meta property=\"og:url\" content=\"https:\/\/www.fusiontables.com\/it\/finiture-laccate\/\" \/>\n<meta property=\"og:site_name\" content=\"Fusion Tables\" \/>\n<meta property=\"article:modified_time\" content=\"2025-02-21T10:36:48+00:00\" \/>\n<meta property=\"og:image\" content=\"https:\/\/www.fusiontables.com\/wp-content\/uploads\/2025\/02\/lacquer2025.jpg\" \/>\n<meta name=\"twitter:card\" content=\"summary_large_image\" \/>\n<script type=\"application\/ld+json\" class=\"yoast-schema-graph\">{\"@context\":\"https:\\\/\\\/schema.org\",\"@graph\":[{\"@type\":\"WebPage\",\"@id\":\"https:\\\/\\\/www.fusiontables.com\\\/it\\\/finiture-laccate\\\/\",\"url\":\"https:\\\/\\\/www.fusiontables.com\\\/it\\\/finiture-laccate\\\/\",\"name\":\"Finiture Laccate - Fusion Tables\",\"isPartOf\":{\"@id\":\"https:\\\/\\\/www.fusiontables.com\\\/it\\\/#website\"},\"primaryImageOfPage\":{\"@id\":\"https:\\\/\\\/www.fusiontables.com\\\/it\\\/finiture-laccate\\\/#primaryimage\"},\"image\":{\"@id\":\"https:\\\/\\\/www.fusiontables.com\\\/it\\\/finiture-laccate\\\/#primaryimage\"},\"thumbnailUrl\":\"https:\\\/\\\/www.fusiontables.com\\\/wp-content\\\/uploads\\\/2025\\\/02\\\/lacquer2025.jpg\",\"datePublished\":\"2019-04-08T09:55:05+00:00\",\"dateModified\":\"2025-02-21T10:36:48+00:00\",\"breadcrumb\":{\"@id\":\"https:\\\/\\\/www.fusiontables.com\\\/it\\\/finiture-laccate\\\/#breadcrumb\"},\"inLanguage\":\"it-IT\",\"potentialAction\":[{\"@type\":\"ReadAction\",\"target\":[\"https:\\\/\\\/www.fusiontables.com\\\/it\\\/finiture-laccate\\\/\"]}]},{\"@type\":\"ImageObject\",\"inLanguage\":\"it-IT\",\"@id\":\"https:\\\/\\\/www.fusiontables.com\\\/it\\\/finiture-laccate\\\/#primaryimage\",\"url\":\"https:\\\/\\\/www.fusiontables.com\\\/wp-content\\\/uploads\\\/2025\\\/02\\\/lacquer2025.jpg\",\"contentUrl\":\"https:\\\/\\\/www.fusiontables.com\\\/wp-content\\\/uploads\\\/2025\\\/02\\\/lacquer2025.jpg\"},{\"@type\":\"BreadcrumbList\",\"@id\":\"https:\\\/\\\/www.fusiontables.com\\\/it\\\/finiture-laccate\\\/#breadcrumb\",\"itemListElement\":[{\"@type\":\"ListItem\",\"position\":1,\"name\":\"Home\",\"item\":\"https:\\\/\\\/www.fusiontables.com\\\/it\\\/\"},{\"@type\":\"ListItem\",\"position\":2,\"name\":\"Finiture Laccate\"}]},{\"@type\":\"WebSite\",\"@id\":\"https:\\\/\\\/www.fusiontables.com\\\/it\\\/#website\",\"url\":\"https:\\\/\\\/www.fusiontables.com\\\/it\\\/\",\"name\":\"Fusion Tables\",\"description\":\"\",\"publisher\":{\"@id\":\"https:\\\/\\\/www.fusiontables.com\\\/it\\\/#organization\"},\"potentialAction\":[{\"@type\":\"SearchAction\",\"target\":{\"@type\":\"EntryPoint\",\"urlTemplate\":\"https:\\\/\\\/www.fusiontables.com\\\/it\\\/?s={search_term_string}\"},\"query-input\":{\"@type\":\"PropertyValueSpecification\",\"valueRequired\":true,\"valueName\":\"search_term_string\"}}],\"inLanguage\":\"it-IT\"},{\"@type\":\"Organization\",\"@id\":\"https:\\\/\\\/www.fusiontables.com\\\/it\\\/#organization\",\"name\":\"Fusion Tables\",\"url\":\"https:\\\/\\\/www.fusiontables.com\\\/it\\\/\",\"logo\":{\"@type\":\"ImageObject\",\"inLanguage\":\"it-IT\",\"@id\":\"https:\\\/\\\/www.fusiontables.com\\\/it\\\/#\\\/schema\\\/logo\\\/image\\\/\",\"url\":\"https:\\\/\\\/www.fusiontables.com\\\/wp-content\\\/uploads\\\/2024\\\/11\\\/Fusiontables-Logo.png\",\"contentUrl\":\"https:\\\/\\\/www.fusiontables.com\\\/wp-content\\\/uploads\\\/2024\\\/11\\\/Fusiontables-Logo.png\",\"width\":514,\"height\":119,\"caption\":\"Fusion Tables\"},\"image\":{\"@id\":\"https:\\\/\\\/www.fusiontables.com\\\/it\\\/#\\\/schema\\\/logo\\\/image\\\/\"}}]}<\/script>\n<!-- \/ Yoast SEO plugin. -->","yoast_head_json":{"title":"Finiture Laccate - Fusion Tables","robots":{"index":"index","follow":"follow","max-snippet":"max-snippet:-1","max-image-preview":"max-image-preview:large","max-video-preview":"max-video-preview:-1"},"canonical":"https:\/\/www.fusiontables.com\/it\/finiture-laccate\/","og_locale":"it_IT","og_type":"article","og_title":"Finiture Laccate - Fusion Tables","og_description":"Per decorare i profili del nostro moderno tavolo da biliardo trasformabile e per rifinire le cornici del nostro tavolo o le facciate dei nostri moderni contromobili, Fusiontables ha optato per finiture moderne, facili da mantenere e morbide al tatto. Una delle tante possibilit\u00e0 \u00e8 di optare per una finitura in legno laccato e verniciato. L&#8217;ultimo [&hellip;]","og_url":"https:\/\/www.fusiontables.com\/it\/finiture-laccate\/","og_site_name":"Fusion Tables","article_modified_time":"2025-02-21T10:36:48+00:00","og_image":[{"url":"https:\/\/www.fusiontables.com\/wp-content\/uploads\/2025\/02\/lacquer2025.jpg","type":"","width":"","height":""}],"twitter_card":"summary_large_image","schema":{"@context":"https:\/\/schema.org","@graph":[{"@type":"WebPage","@id":"https:\/\/www.fusiontables.com\/it\/finiture-laccate\/","url":"https:\/\/www.fusiontables.com\/it\/finiture-laccate\/","name":"Finiture Laccate - Fusion Tables","isPartOf":{"@id":"https:\/\/www.fusiontables.com\/it\/#website"},"primaryImageOfPage":{"@id":"https:\/\/www.fusiontables.com\/it\/finiture-laccate\/#primaryimage"},"image":{"@id":"https:\/\/www.fusiontables.com\/it\/finiture-laccate\/#primaryimage"},"thumbnailUrl":"https:\/\/www.fusiontables.com\/wp-content\/uploads\/2025\/02\/lacquer2025.jpg","datePublished":"2019-04-08T09:55:05+00:00","dateModified":"2025-02-21T10:36:48+00:00","breadcrumb":{"@id":"https:\/\/www.fusiontables.com\/it\/finiture-laccate\/#breadcrumb"},"inLanguage":"it-IT","potentialAction":[{"@type":"ReadAction","target":["https:\/\/www.fusiontables.com\/it\/finiture-laccate\/"]}]},{"@type":"ImageObject","inLanguage":"it-IT","@id":"https:\/\/www.fusiontables.com\/it\/finiture-laccate\/#primaryimage","url":"https:\/\/www.fusiontables.com\/wp-content\/uploads\/2025\/02\/lacquer2025.jpg","contentUrl":"https:\/\/www.fusiontables.com\/wp-content\/uploads\/2025\/02\/lacquer2025.jpg"},{"@type":"BreadcrumbList","@id":"https:\/\/www.fusiontables.com\/it\/finiture-laccate\/#breadcrumb","itemListElement":[{"@type":"ListItem","position":1,"name":"Home","item":"https:\/\/www.fusiontables.com\/it\/"},{"@type":"ListItem","position":2,"name":"Finiture Laccate"}]},{"@type":"WebSite","@id":"https:\/\/www.fusiontables.com\/it\/#website","url":"https:\/\/www.fusiontables.com\/it\/","name":"Fusion Tables","description":"","publisher":{"@id":"https:\/\/www.fusiontables.com\/it\/#organization"},"potentialAction":[{"@type":"SearchAction","target":{"@type":"EntryPoint","urlTemplate":"https:\/\/www.fusiontables.com\/it\/?s={search_term_string}"},"query-input":{"@type":"PropertyValueSpecification","valueRequired":true,"valueName":"search_term_string"}}],"inLanguage":"it-IT"},{"@type":"Organization","@id":"https:\/\/www.fusiontables.com\/it\/#organization","name":"Fusion Tables","url":"https:\/\/www.fusiontables.com\/it\/","logo":{"@type":"ImageObject","inLanguage":"it-IT","@id":"https:\/\/www.fusiontables.com\/it\/#\/schema\/logo\/image\/","url":"https:\/\/www.fusiontables.com\/wp-content\/uploads\/2024\/11\/Fusiontables-Logo.png","contentUrl":"https:\/\/www.fusiontables.com\/wp-content\/uploads\/2024\/11\/Fusiontables-Logo.png","width":514,"height":119,"caption":"Fusion Tables"},"image":{"@id":"https:\/\/www.fusiontables.com\/it\/#\/schema\/logo\/image\/"}}]}},"_links":{"self":[{"href":"https:\/\/www.fusiontables.com\/it\/wp-json\/wp\/v2\/pages\/562","targetHints":{"allow":["GET"]}}],"collection":[{"href":"https:\/\/www.fusiontables.com\/it\/wp-json\/wp\/v2\/pages"}],"about":[{"href":"https:\/\/www.fusiontables.com\/it\/wp-json\/wp\/v2\/types\/page"}],"author":[{"embeddable":true,"href":"https:\/\/www.fusiontables.com\/it\/wp-json\/wp\/v2\/users\/2"}],"replies":[{"embeddable":true,"href":"https:\/\/www.fusiontables.com\/it\/wp-json\/wp\/v2\/comments?post=562"}],"version-history":[{"count":5,"href":"https:\/\/www.fusiontables.com\/it\/wp-json\/wp\/v2\/pages\/562\/revisions"}],"predecessor-version":[{"id":4595,"href":"https:\/\/www.fusiontables.com\/it\/wp-json\/wp\/v2\/pages\/562\/revisions\/4595"}],"wp:attachment":[{"href":"https:\/\/www.fusiontables.com\/it\/wp-json\/wp\/v2\/media?parent=562"}],"curies":[{"name":"wp","href":"https:\/\/api.w.org\/{rel}","templated":true}]}}