{"id":634,"date":"2019-04-08T12:56:42","date_gmt":"2019-04-08T10:56:42","guid":{"rendered":"https:\/\/www.fusiontables.com\/noce-select\/"},"modified":"2025-04-03T14:22:19","modified_gmt":"2025-04-03T12:22:19","slug":"noce-select","status":"publish","type":"page","link":"https:\/\/www.fusiontables.com\/it\/noce-select\/","title":{"rendered":"Noce Select"},"content":{"rendered":"<p>Per i veri amanti del legno, \u00e8 oggi l&#8217;essenza pi\u00f9 elegante e irrinunciabile del mercato del design. Preso in considerazione da tutti i classici italiani, il noce \u00e8 un tipo di legno nobile e di classe che mostra un carattere impulsivo e naturale con una lunga e raffinata nervatura. Ogni albero, ogni tavola di legno sono unici e diversi tra loro, ma comprendono toni che vanno dal rosa al nero al marrone e oro.<\/p>\n<p>Per realizzare i pannelli che rivestono i nostri tavoli da pranzo trasformabili in biliardo, usiamo grandi fogli di questo legno forgiati nel corso degli anni, per tagliarlo con cura e garantire cos\u00ec una magnifica continuit\u00e0 tra i pannelli ( bigliatura). Quando si chiude il tavolo da biliardo e lo si trasforma in un tavolo da pranzo, le giunture a vista sono realizzate in modo naturale e perfetto per garantire una bella sensazione di continuit\u00e0 in pi\u00f9 di 2 metri e 30.<\/p>\n<p>La finitura opaca della vernice consente di manutentare i mobili in modo semplice e veloce, sia per i nostri contromobili Fusion che per il nostro <a href=\"https:\/\/www.fusiontables.com\/it\/tavoli-da-biliardo-convertibili\/\"><strong>tavolo da pranzo trasformabile in un moderno biliardo<\/strong><\/a>.<\/p>\n<p><img fetchpriority=\"high\" decoding=\"async\" src=\"https:\/\/www.fusiontables.com\/wp-content\/uploads\/2019\/04\/v1-06c.jpg\" alt=\"noyer\" width=\"800\" height=\"280\" data-align=\"center\" data-entity-type=\"file\" data-entity-uuid=\"d0fdc003-f8be-44e4-973c-101ed4eccba6\" \/><\/p>\n","protected":false},"excerpt":{"rendered":"<p>Per i veri amanti del legno, \u00e8 oggi l&#8217;essenza pi\u00f9 elegante e irrinunciabile del mercato del design. Preso in considerazione da tutti i classici italiani, il noce \u00e8 un tipo di legno nobile e di classe che mostra un carattere impulsivo e naturale con una lunga e raffinata nervatura. Ogni albero, ogni tavola di legno [&hellip;]<\/p>\n","protected":false},"author":2,"featured_media":624,"parent":0,"menu_order":0,"comment_status":"closed","ping_status":"closed","template":"","meta":{"_acf_changed":false,"footnotes":""},"class_list":["post-634","page","type-page","status-publish","has-post-thumbnail","hentry"],"acf":[],"yoast_head":"<!-- This site is optimized with the Yoast SEO plugin v27.4 - https:\/\/yoast.com\/product\/yoast-seo-wordpress\/ -->\n<title>Noce Select - Fusion Tables<\/title>\n<meta name=\"robots\" content=\"index, follow, max-snippet:-1, max-image-preview:large, max-video-preview:-1\" \/>\n<link rel=\"canonical\" href=\"https:\/\/www.fusiontables.com\/it\/noce-select\/\" \/>\n<meta property=\"og:locale\" content=\"it_IT\" \/>\n<meta property=\"og:type\" content=\"article\" \/>\n<meta property=\"og:title\" content=\"Noce Select - Fusion Tables\" \/>\n<meta property=\"og:description\" content=\"Per i veri amanti del legno, \u00e8 oggi l&#8217;essenza pi\u00f9 elegante e irrinunciabile del mercato del design. Preso in considerazione da tutti i classici italiani, il noce \u00e8 un tipo di legno nobile e di classe che mostra un carattere impulsivo e naturale con una lunga e raffinata nervatura. Ogni albero, ogni tavola di legno [&hellip;]\" \/>\n<meta property=\"og:url\" content=\"https:\/\/www.fusiontables.com\/it\/noce-select\/\" \/>\n<meta property=\"og:site_name\" content=\"Fusion Tables\" \/>\n<meta property=\"article:modified_time\" content=\"2025-04-03T12:22:19+00:00\" \/>\n<meta property=\"og:image\" content=\"https:\/\/www.fusiontables.com\/wp-content\/uploads\/2019\/04\/v1-06c.jpg\" \/>\n\t<meta property=\"og:image:width\" content=\"800\" \/>\n\t<meta property=\"og:image:height\" content=\"280\" \/>\n\t<meta property=\"og:image:type\" content=\"image\/jpeg\" \/>\n<meta name=\"twitter:card\" content=\"summary_large_image\" \/>\n<meta name=\"twitter:label1\" content=\"Tempo di lettura stimato\" \/>\n\t<meta name=\"twitter:data1\" content=\"2 minuti\" \/>\n<script type=\"application\/ld+json\" class=\"yoast-schema-graph\">{\"@context\":\"https:\\\/\\\/schema.org\",\"@graph\":[{\"@type\":\"WebPage\",\"@id\":\"https:\\\/\\\/www.fusiontables.com\\\/it\\\/noce-select\\\/\",\"url\":\"https:\\\/\\\/www.fusiontables.com\\\/it\\\/noce-select\\\/\",\"name\":\"Noce Select - Fusion Tables\",\"isPartOf\":{\"@id\":\"https:\\\/\\\/www.fusiontables.com\\\/it\\\/#website\"},\"primaryImageOfPage\":{\"@id\":\"https:\\\/\\\/www.fusiontables.com\\\/it\\\/noce-select\\\/#primaryimage\"},\"image\":{\"@id\":\"https:\\\/\\\/www.fusiontables.com\\\/it\\\/noce-select\\\/#primaryimage\"},\"thumbnailUrl\":\"https:\\\/\\\/www.fusiontables.com\\\/wp-content\\\/uploads\\\/2019\\\/04\\\/v1-06c.jpg\",\"datePublished\":\"2019-04-08T10:56:42+00:00\",\"dateModified\":\"2025-04-03T12:22:19+00:00\",\"breadcrumb\":{\"@id\":\"https:\\\/\\\/www.fusiontables.com\\\/it\\\/noce-select\\\/#breadcrumb\"},\"inLanguage\":\"it-IT\",\"potentialAction\":[{\"@type\":\"ReadAction\",\"target\":[\"https:\\\/\\\/www.fusiontables.com\\\/it\\\/noce-select\\\/\"]}]},{\"@type\":\"ImageObject\",\"inLanguage\":\"it-IT\",\"@id\":\"https:\\\/\\\/www.fusiontables.com\\\/it\\\/noce-select\\\/#primaryimage\",\"url\":\"https:\\\/\\\/www.fusiontables.com\\\/wp-content\\\/uploads\\\/2019\\\/04\\\/v1-06c.jpg\",\"contentUrl\":\"https:\\\/\\\/www.fusiontables.com\\\/wp-content\\\/uploads\\\/2019\\\/04\\\/v1-06c.jpg\",\"width\":800,\"height\":280,\"caption\":\"billard design convertible\"},{\"@type\":\"BreadcrumbList\",\"@id\":\"https:\\\/\\\/www.fusiontables.com\\\/it\\\/noce-select\\\/#breadcrumb\",\"itemListElement\":[{\"@type\":\"ListItem\",\"position\":1,\"name\":\"Home\",\"item\":\"https:\\\/\\\/www.fusiontables.com\\\/it\\\/\"},{\"@type\":\"ListItem\",\"position\":2,\"name\":\"Noce Select\"}]},{\"@type\":\"WebSite\",\"@id\":\"https:\\\/\\\/www.fusiontables.com\\\/it\\\/#website\",\"url\":\"https:\\\/\\\/www.fusiontables.com\\\/it\\\/\",\"name\":\"Fusion Tables\",\"description\":\"\",\"publisher\":{\"@id\":\"https:\\\/\\\/www.fusiontables.com\\\/it\\\/#organization\"},\"potentialAction\":[{\"@type\":\"SearchAction\",\"target\":{\"@type\":\"EntryPoint\",\"urlTemplate\":\"https:\\\/\\\/www.fusiontables.com\\\/it\\\/?s={search_term_string}\"},\"query-input\":{\"@type\":\"PropertyValueSpecification\",\"valueRequired\":true,\"valueName\":\"search_term_string\"}}],\"inLanguage\":\"it-IT\"},{\"@type\":\"Organization\",\"@id\":\"https:\\\/\\\/www.fusiontables.com\\\/it\\\/#organization\",\"name\":\"Fusion Tables\",\"url\":\"https:\\\/\\\/www.fusiontables.com\\\/it\\\/\",\"logo\":{\"@type\":\"ImageObject\",\"inLanguage\":\"it-IT\",\"@id\":\"https:\\\/\\\/www.fusiontables.com\\\/it\\\/#\\\/schema\\\/logo\\\/image\\\/\",\"url\":\"https:\\\/\\\/www.fusiontables.com\\\/wp-content\\\/uploads\\\/2024\\\/11\\\/Fusiontables-Logo.png\",\"contentUrl\":\"https:\\\/\\\/www.fusiontables.com\\\/wp-content\\\/uploads\\\/2024\\\/11\\\/Fusiontables-Logo.png\",\"width\":514,\"height\":119,\"caption\":\"Fusion Tables\"},\"image\":{\"@id\":\"https:\\\/\\\/www.fusiontables.com\\\/it\\\/#\\\/schema\\\/logo\\\/image\\\/\"}}]}<\/script>\n<!-- \/ Yoast SEO plugin. -->","yoast_head_json":{"title":"Noce Select - Fusion Tables","robots":{"index":"index","follow":"follow","max-snippet":"max-snippet:-1","max-image-preview":"max-image-preview:large","max-video-preview":"max-video-preview:-1"},"canonical":"https:\/\/www.fusiontables.com\/it\/noce-select\/","og_locale":"it_IT","og_type":"article","og_title":"Noce Select - Fusion Tables","og_description":"Per i veri amanti del legno, \u00e8 oggi l&#8217;essenza pi\u00f9 elegante e irrinunciabile del mercato del design. Preso in considerazione da tutti i classici italiani, il noce \u00e8 un tipo di legno nobile e di classe che mostra un carattere impulsivo e naturale con una lunga e raffinata nervatura. Ogni albero, ogni tavola di legno [&hellip;]","og_url":"https:\/\/www.fusiontables.com\/it\/noce-select\/","og_site_name":"Fusion Tables","article_modified_time":"2025-04-03T12:22:19+00:00","og_image":[{"width":800,"height":280,"url":"https:\/\/www.fusiontables.com\/wp-content\/uploads\/2019\/04\/v1-06c.jpg","type":"image\/jpeg"}],"twitter_card":"summary_large_image","twitter_misc":{"Tempo di lettura stimato":"2 minuti"},"schema":{"@context":"https:\/\/schema.org","@graph":[{"@type":"WebPage","@id":"https:\/\/www.fusiontables.com\/it\/noce-select\/","url":"https:\/\/www.fusiontables.com\/it\/noce-select\/","name":"Noce Select - Fusion Tables","isPartOf":{"@id":"https:\/\/www.fusiontables.com\/it\/#website"},"primaryImageOfPage":{"@id":"https:\/\/www.fusiontables.com\/it\/noce-select\/#primaryimage"},"image":{"@id":"https:\/\/www.fusiontables.com\/it\/noce-select\/#primaryimage"},"thumbnailUrl":"https:\/\/www.fusiontables.com\/wp-content\/uploads\/2019\/04\/v1-06c.jpg","datePublished":"2019-04-08T10:56:42+00:00","dateModified":"2025-04-03T12:22:19+00:00","breadcrumb":{"@id":"https:\/\/www.fusiontables.com\/it\/noce-select\/#breadcrumb"},"inLanguage":"it-IT","potentialAction":[{"@type":"ReadAction","target":["https:\/\/www.fusiontables.com\/it\/noce-select\/"]}]},{"@type":"ImageObject","inLanguage":"it-IT","@id":"https:\/\/www.fusiontables.com\/it\/noce-select\/#primaryimage","url":"https:\/\/www.fusiontables.com\/wp-content\/uploads\/2019\/04\/v1-06c.jpg","contentUrl":"https:\/\/www.fusiontables.com\/wp-content\/uploads\/2019\/04\/v1-06c.jpg","width":800,"height":280,"caption":"billard design convertible"},{"@type":"BreadcrumbList","@id":"https:\/\/www.fusiontables.com\/it\/noce-select\/#breadcrumb","itemListElement":[{"@type":"ListItem","position":1,"name":"Home","item":"https:\/\/www.fusiontables.com\/it\/"},{"@type":"ListItem","position":2,"name":"Noce Select"}]},{"@type":"WebSite","@id":"https:\/\/www.fusiontables.com\/it\/#website","url":"https:\/\/www.fusiontables.com\/it\/","name":"Fusion Tables","description":"","publisher":{"@id":"https:\/\/www.fusiontables.com\/it\/#organization"},"potentialAction":[{"@type":"SearchAction","target":{"@type":"EntryPoint","urlTemplate":"https:\/\/www.fusiontables.com\/it\/?s={search_term_string}"},"query-input":{"@type":"PropertyValueSpecification","valueRequired":true,"valueName":"search_term_string"}}],"inLanguage":"it-IT"},{"@type":"Organization","@id":"https:\/\/www.fusiontables.com\/it\/#organization","name":"Fusion Tables","url":"https:\/\/www.fusiontables.com\/it\/","logo":{"@type":"ImageObject","inLanguage":"it-IT","@id":"https:\/\/www.fusiontables.com\/it\/#\/schema\/logo\/image\/","url":"https:\/\/www.fusiontables.com\/wp-content\/uploads\/2024\/11\/Fusiontables-Logo.png","contentUrl":"https:\/\/www.fusiontables.com\/wp-content\/uploads\/2024\/11\/Fusiontables-Logo.png","width":514,"height":119,"caption":"Fusion Tables"},"image":{"@id":"https:\/\/www.fusiontables.com\/it\/#\/schema\/logo\/image\/"}}]}},"_links":{"self":[{"href":"https:\/\/www.fusiontables.com\/it\/wp-json\/wp\/v2\/pages\/634","targetHints":{"allow":["GET"]}}],"collection":[{"href":"https:\/\/www.fusiontables.com\/it\/wp-json\/wp\/v2\/pages"}],"about":[{"href":"https:\/\/www.fusiontables.com\/it\/wp-json\/wp\/v2\/types\/page"}],"author":[{"embeddable":true,"href":"https:\/\/www.fusiontables.com\/it\/wp-json\/wp\/v2\/users\/2"}],"replies":[{"embeddable":true,"href":"https:\/\/www.fusiontables.com\/it\/wp-json\/wp\/v2\/comments?post=634"}],"version-history":[{"count":3,"href":"https:\/\/www.fusiontables.com\/it\/wp-json\/wp\/v2\/pages\/634\/revisions"}],"predecessor-version":[{"id":4805,"href":"https:\/\/www.fusiontables.com\/it\/wp-json\/wp\/v2\/pages\/634\/revisions\/4805"}],"wp:featuredmedia":[{"embeddable":true,"href":"https:\/\/www.fusiontables.com\/it\/wp-json\/wp\/v2\/media\/624"}],"wp:attachment":[{"href":"https:\/\/www.fusiontables.com\/it\/wp-json\/wp\/v2\/media?parent=634"}],"curies":[{"name":"wp","href":"https:\/\/api.w.org\/{rel}","templated":true}]}}