{"id":670,"date":"2019-04-08T13:03:03","date_gmt":"2019-04-08T11:03:03","guid":{"rendered":"https:\/\/www.fusiontables.com\/wenge\/"},"modified":"2025-02-11T10:26:17","modified_gmt":"2025-02-11T09:26:17","slug":"wenge","status":"publish","type":"page","link":"https:\/\/www.fusiontables.com\/it\/wenge\/","title":{"rendered":"Weng\u00e9"},"content":{"rendered":"<p>Ovviamente non avevamo nessuna intenzione di distruggere degli alberi africani per realizzare il nostro tavolo da pranzo trasformabile in un moderno biliardo o per i nostri contromobili buffet.\u00a0Quindi abbiamo optato per una finitura di quercia tinta di nero intenso.<\/p>\n<p>Elemento tradizionale degli interni europei, la quercia occupa ancora il posto che merita nella nostra collezione e nel cuore degli amanti del design e dell&#8217;arredamento di <strong><a href=\"https:\/\/www.fusiontables.com\/it\/tavolo-da-biliardo-transformabile-di-qualita\/\">qualit\u00e0<\/a><\/strong>. Ti piace il nero ma vuoi che i tuoi mobili abbiano una venatura e un carattere naturale autentico? Il Weng\u00e9 \u00e8 fatto per te. La nostra selezione di impiallacciature in rovere \u00e8 perfetta per interni contemporanei grazie a venature molto pulite, nodi quasi assenti dalla struttura e un legno visivamente perfettamente regolare. Con questa finitura tutta nera, ritroverete lo spirito del legno tropicale, \u00e8 possibile quindi combinare i nostri mobili con uno stile coloniale e si d\u00e0 una nuova identit\u00e0 originale al vostro interno nella sala da pranzo moderna.<\/p>\n<p>Una finitura opaca consente una manutenzione dei mobili in modo semplice e veloce, come per il nostro <strong><a href=\"https:\/\/www.fusiontables.com\/it\/tavoli-da-biliardo-convertibili\/\">tavolo da pranzo trasformabile in un moderno biliardo<\/a><\/strong>. Questa sobria finitura scura si sposa particolarmente bene con la nuova versione in <strong><a href=\"https:\/\/www.fusiontables.com\/it\/biliardo-transformabile-rock-reverso\/\">ceramica Rock Reverso<\/a><\/strong>.<\/p>\n<p><img fetchpriority=\"high\" decoding=\"async\" class=\" size-full wp-image-660\" src=\"https:\/\/www.fusiontables.com\/wp-content\/uploads\/2019\/04\/v4-ce2.jpg\" alt=\"wenge\" width=\"800\" height=\"299\" data-align=\"center\" data-entity-type=\"file\" data-entity-uuid=\"2554e9ab-1c2e-47b5-b600-393aaa072fd8\" srcset=\"https:\/\/www.fusiontables.com\/wp-content\/uploads\/2019\/04\/v4-ce2.jpg 800w, https:\/\/www.fusiontables.com\/wp-content\/uploads\/2019\/04\/v4-ce2-300x112.jpg 300w, https:\/\/www.fusiontables.com\/wp-content\/uploads\/2019\/04\/v4-ce2-768x287.jpg 768w\" sizes=\"(max-width: 800px) 100vw, 800px\" \/><\/p>\n","protected":false},"excerpt":{"rendered":"<p>Ovviamente non avevamo nessuna intenzione di distruggere degli alberi africani per realizzare il nostro tavolo da pranzo trasformabile in un moderno biliardo o per i nostri contromobili buffet.\u00a0Quindi abbiamo optato per una finitura di quercia tinta di nero intenso. Elemento tradizionale degli interni europei, la quercia occupa ancora il posto che merita nella nostra collezione [&hellip;]<\/p>\n","protected":false},"author":2,"featured_media":660,"parent":0,"menu_order":0,"comment_status":"closed","ping_status":"closed","template":"","meta":{"_acf_changed":false,"footnotes":""},"class_list":["post-670","page","type-page","status-publish","has-post-thumbnail","hentry"],"acf":[],"yoast_head":"<!-- This site is optimized with the Yoast SEO plugin v27.4 - https:\/\/yoast.com\/product\/yoast-seo-wordpress\/ -->\n<title>Weng\u00e9 - Fusion Tables<\/title>\n<meta name=\"robots\" content=\"index, follow, max-snippet:-1, max-image-preview:large, max-video-preview:-1\" \/>\n<link rel=\"canonical\" href=\"https:\/\/www.fusiontables.com\/it\/wenge\/\" \/>\n<meta property=\"og:locale\" content=\"it_IT\" \/>\n<meta property=\"og:type\" content=\"article\" \/>\n<meta property=\"og:title\" content=\"Weng\u00e9 - Fusion Tables\" \/>\n<meta property=\"og:description\" content=\"Ovviamente non avevamo nessuna intenzione di distruggere degli alberi africani per realizzare il nostro tavolo da pranzo trasformabile in un moderno biliardo o per i nostri contromobili buffet.\u00a0Quindi abbiamo optato per una finitura di quercia tinta di nero intenso. Elemento tradizionale degli interni europei, la quercia occupa ancora il posto che merita nella nostra collezione [&hellip;]\" \/>\n<meta property=\"og:url\" content=\"https:\/\/www.fusiontables.com\/it\/wenge\/\" \/>\n<meta property=\"og:site_name\" content=\"Fusion Tables\" \/>\n<meta property=\"article:modified_time\" content=\"2025-02-11T09:26:17+00:00\" \/>\n<meta property=\"og:image\" content=\"https:\/\/www.fusiontables.com\/wp-content\/uploads\/2019\/04\/v4-ce2.jpg\" \/>\n\t<meta property=\"og:image:width\" content=\"800\" \/>\n\t<meta property=\"og:image:height\" content=\"299\" \/>\n\t<meta property=\"og:image:type\" content=\"image\/jpeg\" \/>\n<meta name=\"twitter:card\" content=\"summary_large_image\" \/>\n<meta name=\"twitter:label1\" content=\"Tempo di lettura stimato\" \/>\n\t<meta name=\"twitter:data1\" content=\"2 minuti\" \/>\n<script type=\"application\/ld+json\" class=\"yoast-schema-graph\">{\"@context\":\"https:\\\/\\\/schema.org\",\"@graph\":[{\"@type\":\"WebPage\",\"@id\":\"https:\\\/\\\/www.fusiontables.com\\\/it\\\/wenge\\\/\",\"url\":\"https:\\\/\\\/www.fusiontables.com\\\/it\\\/wenge\\\/\",\"name\":\"Weng\u00e9 - Fusion Tables\",\"isPartOf\":{\"@id\":\"https:\\\/\\\/www.fusiontables.com\\\/it\\\/#website\"},\"primaryImageOfPage\":{\"@id\":\"https:\\\/\\\/www.fusiontables.com\\\/it\\\/wenge\\\/#primaryimage\"},\"image\":{\"@id\":\"https:\\\/\\\/www.fusiontables.com\\\/it\\\/wenge\\\/#primaryimage\"},\"thumbnailUrl\":\"https:\\\/\\\/www.fusiontables.com\\\/wp-content\\\/uploads\\\/2019\\\/04\\\/v4-ce2.jpg\",\"datePublished\":\"2019-04-08T11:03:03+00:00\",\"dateModified\":\"2025-02-11T09:26:17+00:00\",\"breadcrumb\":{\"@id\":\"https:\\\/\\\/www.fusiontables.com\\\/it\\\/wenge\\\/#breadcrumb\"},\"inLanguage\":\"it-IT\",\"potentialAction\":[{\"@type\":\"ReadAction\",\"target\":[\"https:\\\/\\\/www.fusiontables.com\\\/it\\\/wenge\\\/\"]}]},{\"@type\":\"ImageObject\",\"inLanguage\":\"it-IT\",\"@id\":\"https:\\\/\\\/www.fusiontables.com\\\/it\\\/wenge\\\/#primaryimage\",\"url\":\"https:\\\/\\\/www.fusiontables.com\\\/wp-content\\\/uploads\\\/2019\\\/04\\\/v4-ce2.jpg\",\"contentUrl\":\"https:\\\/\\\/www.fusiontables.com\\\/wp-content\\\/uploads\\\/2019\\\/04\\\/v4-ce2.jpg\",\"width\":800,\"height\":299,\"caption\":\"table billard\"},{\"@type\":\"BreadcrumbList\",\"@id\":\"https:\\\/\\\/www.fusiontables.com\\\/it\\\/wenge\\\/#breadcrumb\",\"itemListElement\":[{\"@type\":\"ListItem\",\"position\":1,\"name\":\"Home\",\"item\":\"https:\\\/\\\/www.fusiontables.com\\\/it\\\/\"},{\"@type\":\"ListItem\",\"position\":2,\"name\":\"Weng\u00e9\"}]},{\"@type\":\"WebSite\",\"@id\":\"https:\\\/\\\/www.fusiontables.com\\\/it\\\/#website\",\"url\":\"https:\\\/\\\/www.fusiontables.com\\\/it\\\/\",\"name\":\"Fusion Tables\",\"description\":\"\",\"publisher\":{\"@id\":\"https:\\\/\\\/www.fusiontables.com\\\/it\\\/#organization\"},\"potentialAction\":[{\"@type\":\"SearchAction\",\"target\":{\"@type\":\"EntryPoint\",\"urlTemplate\":\"https:\\\/\\\/www.fusiontables.com\\\/it\\\/?s={search_term_string}\"},\"query-input\":{\"@type\":\"PropertyValueSpecification\",\"valueRequired\":true,\"valueName\":\"search_term_string\"}}],\"inLanguage\":\"it-IT\"},{\"@type\":\"Organization\",\"@id\":\"https:\\\/\\\/www.fusiontables.com\\\/it\\\/#organization\",\"name\":\"Fusion Tables\",\"url\":\"https:\\\/\\\/www.fusiontables.com\\\/it\\\/\",\"logo\":{\"@type\":\"ImageObject\",\"inLanguage\":\"it-IT\",\"@id\":\"https:\\\/\\\/www.fusiontables.com\\\/it\\\/#\\\/schema\\\/logo\\\/image\\\/\",\"url\":\"https:\\\/\\\/www.fusiontables.com\\\/wp-content\\\/uploads\\\/2024\\\/11\\\/Fusiontables-Logo.png\",\"contentUrl\":\"https:\\\/\\\/www.fusiontables.com\\\/wp-content\\\/uploads\\\/2024\\\/11\\\/Fusiontables-Logo.png\",\"width\":514,\"height\":119,\"caption\":\"Fusion Tables\"},\"image\":{\"@id\":\"https:\\\/\\\/www.fusiontables.com\\\/it\\\/#\\\/schema\\\/logo\\\/image\\\/\"}}]}<\/script>\n<!-- \/ Yoast SEO plugin. -->","yoast_head_json":{"title":"Weng\u00e9 - Fusion Tables","robots":{"index":"index","follow":"follow","max-snippet":"max-snippet:-1","max-image-preview":"max-image-preview:large","max-video-preview":"max-video-preview:-1"},"canonical":"https:\/\/www.fusiontables.com\/it\/wenge\/","og_locale":"it_IT","og_type":"article","og_title":"Weng\u00e9 - Fusion Tables","og_description":"Ovviamente non avevamo nessuna intenzione di distruggere degli alberi africani per realizzare il nostro tavolo da pranzo trasformabile in un moderno biliardo o per i nostri contromobili buffet.\u00a0Quindi abbiamo optato per una finitura di quercia tinta di nero intenso. Elemento tradizionale degli interni europei, la quercia occupa ancora il posto che merita nella nostra collezione [&hellip;]","og_url":"https:\/\/www.fusiontables.com\/it\/wenge\/","og_site_name":"Fusion Tables","article_modified_time":"2025-02-11T09:26:17+00:00","og_image":[{"width":800,"height":299,"url":"https:\/\/www.fusiontables.com\/wp-content\/uploads\/2019\/04\/v4-ce2.jpg","type":"image\/jpeg"}],"twitter_card":"summary_large_image","twitter_misc":{"Tempo di lettura stimato":"2 minuti"},"schema":{"@context":"https:\/\/schema.org","@graph":[{"@type":"WebPage","@id":"https:\/\/www.fusiontables.com\/it\/wenge\/","url":"https:\/\/www.fusiontables.com\/it\/wenge\/","name":"Weng\u00e9 - Fusion Tables","isPartOf":{"@id":"https:\/\/www.fusiontables.com\/it\/#website"},"primaryImageOfPage":{"@id":"https:\/\/www.fusiontables.com\/it\/wenge\/#primaryimage"},"image":{"@id":"https:\/\/www.fusiontables.com\/it\/wenge\/#primaryimage"},"thumbnailUrl":"https:\/\/www.fusiontables.com\/wp-content\/uploads\/2019\/04\/v4-ce2.jpg","datePublished":"2019-04-08T11:03:03+00:00","dateModified":"2025-02-11T09:26:17+00:00","breadcrumb":{"@id":"https:\/\/www.fusiontables.com\/it\/wenge\/#breadcrumb"},"inLanguage":"it-IT","potentialAction":[{"@type":"ReadAction","target":["https:\/\/www.fusiontables.com\/it\/wenge\/"]}]},{"@type":"ImageObject","inLanguage":"it-IT","@id":"https:\/\/www.fusiontables.com\/it\/wenge\/#primaryimage","url":"https:\/\/www.fusiontables.com\/wp-content\/uploads\/2019\/04\/v4-ce2.jpg","contentUrl":"https:\/\/www.fusiontables.com\/wp-content\/uploads\/2019\/04\/v4-ce2.jpg","width":800,"height":299,"caption":"table billard"},{"@type":"BreadcrumbList","@id":"https:\/\/www.fusiontables.com\/it\/wenge\/#breadcrumb","itemListElement":[{"@type":"ListItem","position":1,"name":"Home","item":"https:\/\/www.fusiontables.com\/it\/"},{"@type":"ListItem","position":2,"name":"Weng\u00e9"}]},{"@type":"WebSite","@id":"https:\/\/www.fusiontables.com\/it\/#website","url":"https:\/\/www.fusiontables.com\/it\/","name":"Fusion Tables","description":"","publisher":{"@id":"https:\/\/www.fusiontables.com\/it\/#organization"},"potentialAction":[{"@type":"SearchAction","target":{"@type":"EntryPoint","urlTemplate":"https:\/\/www.fusiontables.com\/it\/?s={search_term_string}"},"query-input":{"@type":"PropertyValueSpecification","valueRequired":true,"valueName":"search_term_string"}}],"inLanguage":"it-IT"},{"@type":"Organization","@id":"https:\/\/www.fusiontables.com\/it\/#organization","name":"Fusion Tables","url":"https:\/\/www.fusiontables.com\/it\/","logo":{"@type":"ImageObject","inLanguage":"it-IT","@id":"https:\/\/www.fusiontables.com\/it\/#\/schema\/logo\/image\/","url":"https:\/\/www.fusiontables.com\/wp-content\/uploads\/2024\/11\/Fusiontables-Logo.png","contentUrl":"https:\/\/www.fusiontables.com\/wp-content\/uploads\/2024\/11\/Fusiontables-Logo.png","width":514,"height":119,"caption":"Fusion Tables"},"image":{"@id":"https:\/\/www.fusiontables.com\/it\/#\/schema\/logo\/image\/"}}]}},"_links":{"self":[{"href":"https:\/\/www.fusiontables.com\/it\/wp-json\/wp\/v2\/pages\/670","targetHints":{"allow":["GET"]}}],"collection":[{"href":"https:\/\/www.fusiontables.com\/it\/wp-json\/wp\/v2\/pages"}],"about":[{"href":"https:\/\/www.fusiontables.com\/it\/wp-json\/wp\/v2\/types\/page"}],"author":[{"embeddable":true,"href":"https:\/\/www.fusiontables.com\/it\/wp-json\/wp\/v2\/users\/2"}],"replies":[{"embeddable":true,"href":"https:\/\/www.fusiontables.com\/it\/wp-json\/wp\/v2\/comments?post=670"}],"version-history":[{"count":1,"href":"https:\/\/www.fusiontables.com\/it\/wp-json\/wp\/v2\/pages\/670\/revisions"}],"predecessor-version":[{"id":4117,"href":"https:\/\/www.fusiontables.com\/it\/wp-json\/wp\/v2\/pages\/670\/revisions\/4117"}],"wp:featuredmedia":[{"embeddable":true,"href":"https:\/\/www.fusiontables.com\/it\/wp-json\/wp\/v2\/media\/660"}],"wp:attachment":[{"href":"https:\/\/www.fusiontables.com\/it\/wp-json\/wp\/v2\/media?parent=670"}],"curies":[{"name":"wp","href":"https:\/\/api.w.org\/{rel}","templated":true}]}}