{"id":682,"date":"2019-04-08T13:04:27","date_gmt":"2019-04-08T11:04:27","guid":{"rendered":"https:\/\/www.fusiontables.com\/quercia-vintage\/"},"modified":"2025-02-11T10:24:08","modified_gmt":"2025-02-11T09:24:08","slug":"quercia-vintage","status":"publish","type":"page","link":"https:\/\/www.fusiontables.com\/it\/quercia-vintage\/","title":{"rendered":"Quercia vintage"},"content":{"rendered":"<p>Una delle tendenze attuali \u00e8 quella di prodotti ispirati al movimento vintage o post-industriale e in questo contesto gli arredatori pi\u00f9 intraprendenti sono alla ricerca di finiture in legno &#8220;recuperate&#8221; o &#8220;invecchiate&#8221;. Fusiontables \u00e8 andato in Spagna a cercare vecchi pavimenti in legno per affrontare questa sfida. Con la finitura vintage i vostri mobili possono finalmente raccontare una storia ai vostri ospiti. Ogni tavolo Vintage \u00e8 unico e diverso dall&#8217;altro. Frutto di un processo di lavorazione rivoluzionario, l&#8217;impiallacciatura dona una dimensione in pi\u00f9 al tuo <strong><a href=\"https:\/\/www.fusiontables.com\/it\/tavoli-da-biliardo-convertibili\/\">tavolo da pranzo Fusion<\/a><\/strong> che pu\u00f2 trasformarsi in un moderno tavolo da biliardo. Fori irregolari stuccati, crepe naturali, unghiate, nulla \u00e8 stato risparmiato a questa quercia che \u00e8 passata attraverso i secoli per arrivare nella vostra sala da pranzo o nel vostro soggiorno. Voi e i vostri ospiti sarete in grado di percepirli sfiorando questa finitura che ha tocco inimitabile di autenticit\u00e0. Si potrebbe quasi essere tentati di usare la pialla come su un vecchio legno massello (da non fare ovviamente). Questa finitura esclusiva si sposa particolarmente bene con la nuova versione in <strong><a href=\"https:\/\/www.fusiontables.com\/it\/biliardo-transformabile-rock-reverso\/\">ceramica Rock Reverso<\/a><\/strong>.<\/p>\n<p>Questa finitura \u00e8 disponibile esclusivamente sulla <strong><a href=\"https:\/\/www.fusiontables.com\/it\/tavoli-da-biliardo-convertibili\/\">collezione di tavoli da biliardo Metal line<\/a><\/strong>.<br \/>\n<img fetchpriority=\"high\" decoding=\"async\" class=\" size-full wp-image-672\" src=\"https:\/\/www.fusiontables.com\/wp-content\/uploads\/2019\/04\/v9-36b.jpg\" alt=\"vintage\" width=\"800\" height=\"264\" data-align=\"center\" data-entity-type=\"file\" data-entity-uuid=\"8d4d2df7-5e95-4a37-a0a1-dcc482b84f63\" srcset=\"https:\/\/www.fusiontables.com\/wp-content\/uploads\/2019\/04\/v9-36b.jpg 800w, https:\/\/www.fusiontables.com\/wp-content\/uploads\/2019\/04\/v9-36b-300x99.jpg 300w, https:\/\/www.fusiontables.com\/wp-content\/uploads\/2019\/04\/v9-36b-768x253.jpg 768w\" sizes=\"(max-width: 800px) 100vw, 800px\" \/><\/p>\n","protected":false},"excerpt":{"rendered":"<p>Una delle tendenze attuali \u00e8 quella di prodotti ispirati al movimento vintage o post-industriale e in questo contesto gli arredatori pi\u00f9 intraprendenti sono alla ricerca di finiture in legno &#8220;recuperate&#8221; o &#8220;invecchiate&#8221;. Fusiontables \u00e8 andato in Spagna a cercare vecchi pavimenti in legno per affrontare questa sfida. Con la finitura vintage i vostri mobili possono [&hellip;]<\/p>\n","protected":false},"author":2,"featured_media":672,"parent":0,"menu_order":0,"comment_status":"closed","ping_status":"closed","template":"","meta":{"_acf_changed":false,"footnotes":""},"class_list":["post-682","page","type-page","status-publish","has-post-thumbnail","hentry"],"acf":[],"yoast_head":"<!-- This site is optimized with the Yoast SEO plugin v27.4 - https:\/\/yoast.com\/product\/yoast-seo-wordpress\/ -->\n<title>Quercia vintage - Fusion Tables<\/title>\n<meta name=\"robots\" content=\"index, follow, max-snippet:-1, max-image-preview:large, max-video-preview:-1\" \/>\n<link rel=\"canonical\" href=\"https:\/\/www.fusiontables.com\/it\/quercia-vintage\/\" \/>\n<meta property=\"og:locale\" content=\"it_IT\" \/>\n<meta property=\"og:type\" content=\"article\" \/>\n<meta property=\"og:title\" content=\"Quercia vintage - Fusion Tables\" \/>\n<meta property=\"og:description\" content=\"Una delle tendenze attuali \u00e8 quella di prodotti ispirati al movimento vintage o post-industriale e in questo contesto gli arredatori pi\u00f9 intraprendenti sono alla ricerca di finiture in legno &#8220;recuperate&#8221; o &#8220;invecchiate&#8221;. Fusiontables \u00e8 andato in Spagna a cercare vecchi pavimenti in legno per affrontare questa sfida. Con la finitura vintage i vostri mobili possono [&hellip;]\" \/>\n<meta property=\"og:url\" content=\"https:\/\/www.fusiontables.com\/it\/quercia-vintage\/\" \/>\n<meta property=\"og:site_name\" content=\"Fusion Tables\" \/>\n<meta property=\"article:modified_time\" content=\"2025-02-11T09:24:08+00:00\" \/>\n<meta property=\"og:image\" content=\"https:\/\/www.fusiontables.com\/wp-content\/uploads\/2019\/04\/v9-36b.jpg\" \/>\n\t<meta property=\"og:image:width\" content=\"800\" \/>\n\t<meta property=\"og:image:height\" content=\"264\" \/>\n\t<meta property=\"og:image:type\" content=\"image\/jpeg\" \/>\n<meta name=\"twitter:card\" content=\"summary_large_image\" \/>\n<meta name=\"twitter:label1\" content=\"Tempo di lettura stimato\" \/>\n\t<meta name=\"twitter:data1\" content=\"2 minuti\" \/>\n<script type=\"application\/ld+json\" class=\"yoast-schema-graph\">{\"@context\":\"https:\\\/\\\/schema.org\",\"@graph\":[{\"@type\":\"WebPage\",\"@id\":\"https:\\\/\\\/www.fusiontables.com\\\/it\\\/quercia-vintage\\\/\",\"url\":\"https:\\\/\\\/www.fusiontables.com\\\/it\\\/quercia-vintage\\\/\",\"name\":\"Quercia vintage - Fusion Tables\",\"isPartOf\":{\"@id\":\"https:\\\/\\\/www.fusiontables.com\\\/it\\\/#website\"},\"primaryImageOfPage\":{\"@id\":\"https:\\\/\\\/www.fusiontables.com\\\/it\\\/quercia-vintage\\\/#primaryimage\"},\"image\":{\"@id\":\"https:\\\/\\\/www.fusiontables.com\\\/it\\\/quercia-vintage\\\/#primaryimage\"},\"thumbnailUrl\":\"https:\\\/\\\/www.fusiontables.com\\\/wp-content\\\/uploads\\\/2019\\\/04\\\/v9-36b.jpg\",\"datePublished\":\"2019-04-08T11:04:27+00:00\",\"dateModified\":\"2025-02-11T09:24:08+00:00\",\"breadcrumb\":{\"@id\":\"https:\\\/\\\/www.fusiontables.com\\\/it\\\/quercia-vintage\\\/#breadcrumb\"},\"inLanguage\":\"it-IT\",\"potentialAction\":[{\"@type\":\"ReadAction\",\"target\":[\"https:\\\/\\\/www.fusiontables.com\\\/it\\\/quercia-vintage\\\/\"]}]},{\"@type\":\"ImageObject\",\"inLanguage\":\"it-IT\",\"@id\":\"https:\\\/\\\/www.fusiontables.com\\\/it\\\/quercia-vintage\\\/#primaryimage\",\"url\":\"https:\\\/\\\/www.fusiontables.com\\\/wp-content\\\/uploads\\\/2019\\\/04\\\/v9-36b.jpg\",\"contentUrl\":\"https:\\\/\\\/www.fusiontables.com\\\/wp-content\\\/uploads\\\/2019\\\/04\\\/v9-36b.jpg\",\"width\":800,\"height\":264,\"caption\":\"vintage\"},{\"@type\":\"BreadcrumbList\",\"@id\":\"https:\\\/\\\/www.fusiontables.com\\\/it\\\/quercia-vintage\\\/#breadcrumb\",\"itemListElement\":[{\"@type\":\"ListItem\",\"position\":1,\"name\":\"Home\",\"item\":\"https:\\\/\\\/www.fusiontables.com\\\/it\\\/\"},{\"@type\":\"ListItem\",\"position\":2,\"name\":\"Quercia vintage\"}]},{\"@type\":\"WebSite\",\"@id\":\"https:\\\/\\\/www.fusiontables.com\\\/it\\\/#website\",\"url\":\"https:\\\/\\\/www.fusiontables.com\\\/it\\\/\",\"name\":\"Fusion Tables\",\"description\":\"\",\"publisher\":{\"@id\":\"https:\\\/\\\/www.fusiontables.com\\\/it\\\/#organization\"},\"potentialAction\":[{\"@type\":\"SearchAction\",\"target\":{\"@type\":\"EntryPoint\",\"urlTemplate\":\"https:\\\/\\\/www.fusiontables.com\\\/it\\\/?s={search_term_string}\"},\"query-input\":{\"@type\":\"PropertyValueSpecification\",\"valueRequired\":true,\"valueName\":\"search_term_string\"}}],\"inLanguage\":\"it-IT\"},{\"@type\":\"Organization\",\"@id\":\"https:\\\/\\\/www.fusiontables.com\\\/it\\\/#organization\",\"name\":\"Fusion Tables\",\"url\":\"https:\\\/\\\/www.fusiontables.com\\\/it\\\/\",\"logo\":{\"@type\":\"ImageObject\",\"inLanguage\":\"it-IT\",\"@id\":\"https:\\\/\\\/www.fusiontables.com\\\/it\\\/#\\\/schema\\\/logo\\\/image\\\/\",\"url\":\"https:\\\/\\\/www.fusiontables.com\\\/wp-content\\\/uploads\\\/2024\\\/11\\\/Fusiontables-Logo.png\",\"contentUrl\":\"https:\\\/\\\/www.fusiontables.com\\\/wp-content\\\/uploads\\\/2024\\\/11\\\/Fusiontables-Logo.png\",\"width\":514,\"height\":119,\"caption\":\"Fusion Tables\"},\"image\":{\"@id\":\"https:\\\/\\\/www.fusiontables.com\\\/it\\\/#\\\/schema\\\/logo\\\/image\\\/\"}}]}<\/script>\n<!-- \/ Yoast SEO plugin. -->","yoast_head_json":{"title":"Quercia vintage - Fusion Tables","robots":{"index":"index","follow":"follow","max-snippet":"max-snippet:-1","max-image-preview":"max-image-preview:large","max-video-preview":"max-video-preview:-1"},"canonical":"https:\/\/www.fusiontables.com\/it\/quercia-vintage\/","og_locale":"it_IT","og_type":"article","og_title":"Quercia vintage - Fusion Tables","og_description":"Una delle tendenze attuali \u00e8 quella di prodotti ispirati al movimento vintage o post-industriale e in questo contesto gli arredatori pi\u00f9 intraprendenti sono alla ricerca di finiture in legno &#8220;recuperate&#8221; o &#8220;invecchiate&#8221;. Fusiontables \u00e8 andato in Spagna a cercare vecchi pavimenti in legno per affrontare questa sfida. Con la finitura vintage i vostri mobili possono [&hellip;]","og_url":"https:\/\/www.fusiontables.com\/it\/quercia-vintage\/","og_site_name":"Fusion Tables","article_modified_time":"2025-02-11T09:24:08+00:00","og_image":[{"width":800,"height":264,"url":"https:\/\/www.fusiontables.com\/wp-content\/uploads\/2019\/04\/v9-36b.jpg","type":"image\/jpeg"}],"twitter_card":"summary_large_image","twitter_misc":{"Tempo di lettura stimato":"2 minuti"},"schema":{"@context":"https:\/\/schema.org","@graph":[{"@type":"WebPage","@id":"https:\/\/www.fusiontables.com\/it\/quercia-vintage\/","url":"https:\/\/www.fusiontables.com\/it\/quercia-vintage\/","name":"Quercia vintage - Fusion Tables","isPartOf":{"@id":"https:\/\/www.fusiontables.com\/it\/#website"},"primaryImageOfPage":{"@id":"https:\/\/www.fusiontables.com\/it\/quercia-vintage\/#primaryimage"},"image":{"@id":"https:\/\/www.fusiontables.com\/it\/quercia-vintage\/#primaryimage"},"thumbnailUrl":"https:\/\/www.fusiontables.com\/wp-content\/uploads\/2019\/04\/v9-36b.jpg","datePublished":"2019-04-08T11:04:27+00:00","dateModified":"2025-02-11T09:24:08+00:00","breadcrumb":{"@id":"https:\/\/www.fusiontables.com\/it\/quercia-vintage\/#breadcrumb"},"inLanguage":"it-IT","potentialAction":[{"@type":"ReadAction","target":["https:\/\/www.fusiontables.com\/it\/quercia-vintage\/"]}]},{"@type":"ImageObject","inLanguage":"it-IT","@id":"https:\/\/www.fusiontables.com\/it\/quercia-vintage\/#primaryimage","url":"https:\/\/www.fusiontables.com\/wp-content\/uploads\/2019\/04\/v9-36b.jpg","contentUrl":"https:\/\/www.fusiontables.com\/wp-content\/uploads\/2019\/04\/v9-36b.jpg","width":800,"height":264,"caption":"vintage"},{"@type":"BreadcrumbList","@id":"https:\/\/www.fusiontables.com\/it\/quercia-vintage\/#breadcrumb","itemListElement":[{"@type":"ListItem","position":1,"name":"Home","item":"https:\/\/www.fusiontables.com\/it\/"},{"@type":"ListItem","position":2,"name":"Quercia vintage"}]},{"@type":"WebSite","@id":"https:\/\/www.fusiontables.com\/it\/#website","url":"https:\/\/www.fusiontables.com\/it\/","name":"Fusion Tables","description":"","publisher":{"@id":"https:\/\/www.fusiontables.com\/it\/#organization"},"potentialAction":[{"@type":"SearchAction","target":{"@type":"EntryPoint","urlTemplate":"https:\/\/www.fusiontables.com\/it\/?s={search_term_string}"},"query-input":{"@type":"PropertyValueSpecification","valueRequired":true,"valueName":"search_term_string"}}],"inLanguage":"it-IT"},{"@type":"Organization","@id":"https:\/\/www.fusiontables.com\/it\/#organization","name":"Fusion Tables","url":"https:\/\/www.fusiontables.com\/it\/","logo":{"@type":"ImageObject","inLanguage":"it-IT","@id":"https:\/\/www.fusiontables.com\/it\/#\/schema\/logo\/image\/","url":"https:\/\/www.fusiontables.com\/wp-content\/uploads\/2024\/11\/Fusiontables-Logo.png","contentUrl":"https:\/\/www.fusiontables.com\/wp-content\/uploads\/2024\/11\/Fusiontables-Logo.png","width":514,"height":119,"caption":"Fusion Tables"},"image":{"@id":"https:\/\/www.fusiontables.com\/it\/#\/schema\/logo\/image\/"}}]}},"_links":{"self":[{"href":"https:\/\/www.fusiontables.com\/it\/wp-json\/wp\/v2\/pages\/682","targetHints":{"allow":["GET"]}}],"collection":[{"href":"https:\/\/www.fusiontables.com\/it\/wp-json\/wp\/v2\/pages"}],"about":[{"href":"https:\/\/www.fusiontables.com\/it\/wp-json\/wp\/v2\/types\/page"}],"author":[{"embeddable":true,"href":"https:\/\/www.fusiontables.com\/it\/wp-json\/wp\/v2\/users\/2"}],"replies":[{"embeddable":true,"href":"https:\/\/www.fusiontables.com\/it\/wp-json\/wp\/v2\/comments?post=682"}],"version-history":[{"count":2,"href":"https:\/\/www.fusiontables.com\/it\/wp-json\/wp\/v2\/pages\/682\/revisions"}],"predecessor-version":[{"id":3138,"href":"https:\/\/www.fusiontables.com\/it\/wp-json\/wp\/v2\/pages\/682\/revisions\/3138"}],"wp:featuredmedia":[{"embeddable":true,"href":"https:\/\/www.fusiontables.com\/it\/wp-json\/wp\/v2\/media\/672"}],"wp:attachment":[{"href":"https:\/\/www.fusiontables.com\/it\/wp-json\/wp\/v2\/media?parent=682"}],"curies":[{"name":"wp","href":"https:\/\/api.w.org\/{rel}","templated":true}]}}